{"id":1151,"date":"2022-08-30T10:14:57","date_gmt":"2022-08-30T13:14:57","guid":{"rendered":"https:\/\/villamariarepuestos.com\/?page_id=1151"},"modified":"2022-08-30T10:54:50","modified_gmt":"2022-08-30T13:54:50","slug":"politicas-de-devolucion","status":"publish","type":"page","link":"https:\/\/villamariarepuestos.com\/index.php\/politicas-de-devolucion\/","title":{"rendered":"Politicas de devoluci\u00f3n"},"content":{"rendered":"\t\t<div data-elementor-type=\"wp-page\" data-elementor-id=\"1151\" class=\"elementor elementor-1151\">\n\t\t\t\t\t\t\t\t\t<section class=\"elementor-section elementor-top-section elementor-element elementor-element-b4ce829 elementor-section-boxed elementor-section-height-default elementor-section-height-default\" data-id=\"b4ce829\" data-element_type=\"section\">\n\t\t\t\t\t\t<div class=\"elementor-container elementor-column-gap-default\">\n\t\t\t\t\t<div class=\"elementor-column elementor-col-100 elementor-top-column elementor-element elementor-element-45a8eef\" data-id=\"45a8eef\" data-element_type=\"column\">\n\t\t\t<div class=\"elementor-widget-wrap elementor-element-populated\">\n\t\t\t\t\t\t\t\t<div class=\"elementor-element elementor-element-d874caf elementor-widget elementor-widget-heading\" data-id=\"d874caf\" data-element_type=\"widget\" data-widget_type=\"heading.default\">\n\t\t\t\t<div class=\"elementor-widget-container\">\n\t\t\t<style>\/*! elementor - v3.8.1 - 13-11-2022 *\/\n.elementor-heading-title{padding:0;margin:0;line-height:1}.elementor-widget-heading .elementor-heading-title[class*=elementor-size-]>a{color:inherit;font-size:inherit;line-height:inherit}.elementor-widget-heading .elementor-heading-title.elementor-size-small{font-size:15px}.elementor-widget-heading .elementor-heading-title.elementor-size-medium{font-size:19px}.elementor-widget-heading .elementor-heading-title.elementor-size-large{font-size:29px}.elementor-widget-heading .elementor-heading-title.elementor-size-xl{font-size:39px}.elementor-widget-heading .elementor-heading-title.elementor-size-xxl{font-size:59px}<\/style><h2 class=\"elementor-heading-title elementor-size-default\">Politicas de devoluci\u00f3n, cambios y garant\u00edas <\/h2>\t\t<\/div>\n\t\t\t\t<\/div>\n\t\t\t\t<div class=\"elementor-element elementor-element-d05931b elementor-widget elementor-widget-spacer\" data-id=\"d05931b\" data-element_type=\"widget\" data-widget_type=\"spacer.default\">\n\t\t\t\t<div class=\"elementor-widget-container\">\n\t\t\t<style>\/*! elementor - v3.8.1 - 13-11-2022 *\/\n.elementor-column .elementor-spacer-inner{height:var(--spacer-size)}.e-con{--container-widget-width:100%}.e-con-inner>.elementor-widget-spacer,.e-con>.elementor-widget-spacer{width:var(--container-widget-width,var(--spacer-size));-ms-flex-item-align:stretch;align-self:stretch;-ms-flex-negative:0;flex-shrink:0}.e-con-inner>.elementor-widget-spacer>.elementor-widget-container,.e-con-inner>.elementor-widget-spacer>.elementor-widget-container>.elementor-spacer,.e-con>.elementor-widget-spacer>.elementor-widget-container,.e-con>.elementor-widget-spacer>.elementor-widget-container>.elementor-spacer{height:100%}.e-con-inner>.elementor-widget-spacer>.elementor-widget-container>.elementor-spacer>.elementor-spacer-inner,.e-con>.elementor-widget-spacer>.elementor-widget-container>.elementor-spacer>.elementor-spacer-inner{height:var(--container-widget-height,var(--spacer-size))}<\/style>\t\t<div class=\"elementor-spacer\">\n\t\t\t<div class=\"elementor-spacer-inner\"><\/div>\n\t\t<\/div>\n\t\t\t\t<\/div>\n\t\t\t\t<\/div>\n\t\t\t\t\t<\/div>\n\t\t<\/div>\n\t\t\t\t\t\t\t<\/div>\n\t\t<\/section>\n\t\t\t\t<section class=\"elementor-section elementor-top-section elementor-element elementor-element-9735d4d elementor-section-boxed elementor-section-height-default elementor-section-height-default\" data-id=\"9735d4d\" data-element_type=\"section\">\n\t\t\t\t\t\t<div class=\"elementor-container elementor-column-gap-default\">\n\t\t\t\t\t<div class=\"elementor-column elementor-col-33 elementor-top-column elementor-element elementor-element-c7d0af1\" data-id=\"c7d0af1\" data-element_type=\"column\">\n\t\t\t<div class=\"elementor-widget-wrap elementor-element-populated\">\n\t\t\t\t\t\t\t\t<div class=\"elementor-element elementor-element-5397cfc elementor-invisible elementor-widget elementor-widget-image\" data-id=\"5397cfc\" data-element_type=\"widget\" data-settings=\"{&quot;_animation&quot;:&quot;bounce&quot;}\" data-widget_type=\"image.default\">\n\t\t\t\t<div class=\"elementor-widget-container\">\n\t\t\t<style>\/*! elementor - v3.8.1 - 13-11-2022 *\/\n.elementor-widget-image{text-align:center}.elementor-widget-image a{display:inline-block}.elementor-widget-image a img[src$=\".svg\"]{width:48px}.elementor-widget-image img{vertical-align:middle;display:inline-block}<\/style>\t\t\t\t\t\t\t\t\t\t\t\t<img decoding=\"async\" width=\"150\" height=\"137\" src=\"https:\/\/villamariarepuestos.com\/wp-content\/uploads\/2022\/08\/Recurso-1.svg\" class=\"attachment-thumbnail size-thumbnail\" alt=\"\" loading=\"lazy\" \/>\t\t\t\t\t\t\t\t\t\t\t\t\t\t\t<\/div>\n\t\t\t\t<\/div>\n\t\t\t\t<div class=\"elementor-element elementor-element-4a37cc6 elementor-widget elementor-widget-text-editor\" data-id=\"4a37cc6\" data-element_type=\"widget\" data-widget_type=\"text-editor.default\">\n\t\t\t\t<div class=\"elementor-widget-container\">\n\t\t\t<style>\/*! elementor - v3.8.1 - 13-11-2022 *\/\n.elementor-widget-text-editor.elementor-drop-cap-view-stacked .elementor-drop-cap{background-color:#818a91;color:#fff}.elementor-widget-text-editor.elementor-drop-cap-view-framed .elementor-drop-cap{color:#818a91;border:3px solid;background-color:transparent}.elementor-widget-text-editor:not(.elementor-drop-cap-view-default) .elementor-drop-cap{margin-top:8px}.elementor-widget-text-editor:not(.elementor-drop-cap-view-default) .elementor-drop-cap-letter{width:1em;height:1em}.elementor-widget-text-editor .elementor-drop-cap{float:left;text-align:center;line-height:1;font-size:50px}.elementor-widget-text-editor .elementor-drop-cap-letter{display:inline-block}<\/style>\t\t\t\t<p style=\"color: #000000;\">Se aceptar\u00e1n devoluciones o cambios dentro de las\u00a0<span style=\"font-weight: bold;\">72 horas<\/span>\u00a0de efectuada la compra.<\/p><div>\u00a0<\/div>\t\t\t\t\t\t<\/div>\n\t\t\t\t<\/div>\n\t\t\t\t\t<\/div>\n\t\t<\/div>\n\t\t\t\t<div class=\"elementor-column elementor-col-33 elementor-top-column elementor-element elementor-element-963d430\" data-id=\"963d430\" data-element_type=\"column\">\n\t\t\t<div class=\"elementor-widget-wrap elementor-element-populated\">\n\t\t\t\t\t\t\t\t<div class=\"elementor-element elementor-element-8f5c329 elementor-invisible elementor-widget elementor-widget-image\" data-id=\"8f5c329\" data-element_type=\"widget\" data-settings=\"{&quot;_animation&quot;:&quot;bounceIn&quot;}\" data-widget_type=\"image.default\">\n\t\t\t\t<div class=\"elementor-widget-container\">\n\t\t\t\t\t\t\t\t\t\t\t\t\t\t\t<img decoding=\"async\" width=\"150\" height=\"150\" src=\"https:\/\/villamariarepuestos.com\/wp-content\/uploads\/2022\/08\/Recurso-2.svg\" class=\"attachment-thumbnail size-thumbnail\" alt=\"\" loading=\"lazy\" \/>\t\t\t\t\t\t\t\t\t\t\t\t\t\t\t<\/div>\n\t\t\t\t<\/div>\n\t\t\t\t<div class=\"elementor-element elementor-element-0e9deb6 elementor-widget elementor-widget-text-editor\" data-id=\"0e9deb6\" data-element_type=\"widget\" data-widget_type=\"text-editor.default\">\n\t\t\t\t<div class=\"elementor-widget-container\">\n\t\t\t\t\t\t\t<p style=\"color: #000000;\">Para la devoluci\u00f3n el producto debe estar\u00a0<span style=\"font-weight: bold;\">sin uso<\/span>, en\u00a0<span style=\"font-weight: bold;\">perfectas condiciones<\/span>, con\u00a0<span style=\"font-weight: bold;\">empaques originales<\/span><\/p><div><span style=\"font-weight: bold;\">\u00a0<\/span><\/div>\t\t\t\t\t\t<\/div>\n\t\t\t\t<\/div>\n\t\t\t\t\t<\/div>\n\t\t<\/div>\n\t\t\t\t<div class=\"elementor-column elementor-col-33 elementor-top-column elementor-element elementor-element-8f19afc\" data-id=\"8f19afc\" data-element_type=\"column\">\n\t\t\t<div class=\"elementor-widget-wrap elementor-element-populated\">\n\t\t\t\t\t\t\t\t<div class=\"elementor-element elementor-element-f4a697c elementor-invisible elementor-widget elementor-widget-image\" data-id=\"f4a697c\" data-element_type=\"widget\" data-settings=\"{&quot;_animation&quot;:&quot;bounce&quot;}\" data-widget_type=\"image.default\">\n\t\t\t\t<div class=\"elementor-widget-container\">\n\t\t\t\t\t\t\t\t\t\t\t\t\t\t\t<img decoding=\"async\" width=\"150\" height=\"150\" src=\"https:\/\/villamariarepuestos.com\/wp-content\/uploads\/2022\/08\/bill.svg\" class=\"attachment-thumbnail size-thumbnail\" alt=\"\" loading=\"lazy\" \/>\t\t\t\t\t\t\t\t\t\t\t\t\t\t\t<\/div>\n\t\t\t\t<\/div>\n\t\t\t\t<div class=\"elementor-element elementor-element-0aa966f elementor-widget elementor-widget-text-editor\" data-id=\"0aa966f\" data-element_type=\"widget\" data-widget_type=\"text-editor.default\">\n\t\t\t\t<div class=\"elementor-widget-container\">\n\t\t\t\t\t\t\t<p style=\"color: #000000;\"><span style=\"font-family: var( --e-global-typography-text-font-family ), Sans-serif; font-size: 1rem;\">En todos los casos se deber\u00e1 presentar la\u00a0<\/span><span style=\"font-weight: bold; font-family: var( --e-global-typography-text-font-family ), Sans-serif; font-size: 1rem;\">factura<\/span><span style=\"font-family: var( --e-global-typography-text-font-family ), Sans-serif; font-size: 1rem;\">\u00a0y\/o comprobante con el que se\u00a0 entreg\u00f3.<\/span><\/p><div><span style=\"font-family: var( --e-global-typography-text-font-family ), Sans-serif; font-size: 1rem;\">\u00a0<\/span><\/div>\t\t\t\t\t\t<\/div>\n\t\t\t\t<\/div>\n\t\t\t\t\t<\/div>\n\t\t<\/div>\n\t\t\t\t\t\t\t<\/div>\n\t\t<\/section>\n\t\t\t\t<section class=\"elementor-section elementor-top-section elementor-element elementor-element-a53979e elementor-section-boxed elementor-section-height-default elementor-section-height-default\" data-id=\"a53979e\" data-element_type=\"section\">\n\t\t\t\t\t\t<div class=\"elementor-container elementor-column-gap-default\">\n\t\t\t\t\t<div class=\"elementor-column elementor-col-50 elementor-top-column elementor-element elementor-element-29fb4de\" data-id=\"29fb4de\" data-element_type=\"column\">\n\t\t\t<div class=\"elementor-widget-wrap elementor-element-populated\">\n\t\t\t\t\t\t\t\t<div class=\"elementor-element elementor-element-9c148a3 elementor-invisible elementor-widget elementor-widget-image\" data-id=\"9c148a3\" data-element_type=\"widget\" data-settings=\"{&quot;_animation&quot;:&quot;bounceIn&quot;}\" data-widget_type=\"image.default\">\n\t\t\t\t<div class=\"elementor-widget-container\">\n\t\t\t\t\t\t\t\t\t\t\t\t\t\t\t<img decoding=\"async\" width=\"150\" height=\"150\" src=\"https:\/\/villamariarepuestos.com\/wp-content\/uploads\/2022\/08\/Recurso-4-150x150.png\" class=\"attachment-thumbnail size-thumbnail\" alt=\"\" loading=\"lazy\" \/>\t\t\t\t\t\t\t\t\t\t\t\t\t\t\t<\/div>\n\t\t\t\t<\/div>\n\t\t\t\t<div class=\"elementor-element elementor-element-f76d748 elementor-widget elementor-widget-text-editor\" data-id=\"f76d748\" data-element_type=\"widget\" data-widget_type=\"text-editor.default\">\n\t\t\t\t<div class=\"elementor-widget-container\">\n\t\t\t\t\t\t\t<p style=\"color: #000000;\"><span style=\"font-family: var( --e-global-typography-text-font-family ), Sans-serif; font-size: 1rem;\">En compras de\u00a0<\/span><span style=\"font-weight: bold; font-family: var( --e-global-typography-text-font-family ), Sans-serif; font-size: 1rem;\">Productos Importados<\/span><span style=\"font-family: var( --e-global-typography-text-font-family ), Sans-serif; font-size: 1rem;\">\u00a0o\u00a0<\/span><span style=\"font-weight: bold; font-family: var( --e-global-typography-text-font-family ), Sans-serif; font-size: 1rem;\">pedidos especiales<\/span>\u00a0<span style=\"font-family: var( --e-global-typography-text-font-family ), Sans-serif; font-size: 1rem;\">no se aceptan cambios ni devoluci\u00f3n.<\/span><\/p><div><span style=\"font-family: var( --e-global-typography-text-font-family ), Sans-serif; font-size: 1rem;\">\u00a0<\/span><\/div>\t\t\t\t\t\t<\/div>\n\t\t\t\t<\/div>\n\t\t\t\t\t<\/div>\n\t\t<\/div>\n\t\t\t\t<div class=\"elementor-column elementor-col-50 elementor-top-column elementor-element elementor-element-c168a02\" data-id=\"c168a02\" data-element_type=\"column\">\n\t\t\t<div class=\"elementor-widget-wrap elementor-element-populated\">\n\t\t\t\t\t\t\t\t<div class=\"elementor-element elementor-element-f20685f elementor-invisible elementor-widget elementor-widget-image\" data-id=\"f20685f\" data-element_type=\"widget\" data-settings=\"{&quot;_animation&quot;:&quot;bounce&quot;}\" data-widget_type=\"image.default\">\n\t\t\t\t<div class=\"elementor-widget-container\">\n\t\t\t\t\t\t\t\t\t\t\t\t\t\t\t<img decoding=\"async\" width=\"70\" height=\"150\" src=\"https:\/\/villamariarepuestos.com\/wp-content\/uploads\/2022\/08\/Recurso-5.svg\" class=\"attachment-thumbnail size-thumbnail\" alt=\"\" loading=\"lazy\" \/>\t\t\t\t\t\t\t\t\t\t\t\t\t\t\t<\/div>\n\t\t\t\t<\/div>\n\t\t\t\t<div class=\"elementor-element elementor-element-d049694 elementor-widget elementor-widget-text-editor\" data-id=\"d049694\" data-element_type=\"widget\" data-widget_type=\"text-editor.default\">\n\t\t\t\t<div class=\"elementor-widget-container\">\n\t\t\t\t\t\t\t<p style=\"color: #000000;\">En operaciones con\u00a0<span style=\"font-weight: bold;\">tarjetas de cr\u00e9dito o d\u00e9bito<\/span>, en caso de haber diferencia a favor del cliente se efectuar\u00e1 una nota de cr\u00e9dito quedando el saldo a favor en la cuenta del mismo.<\/p><div>\u00a0<\/div>\t\t\t\t\t\t<\/div>\n\t\t\t\t<\/div>\n\t\t\t\t\t<\/div>\n\t\t<\/div>\n\t\t\t\t\t\t\t<\/div>\n\t\t<\/section>\n\t\t\t\t<section class=\"elementor-section elementor-top-section elementor-element elementor-element-5cf5fd5 elementor-section-boxed elementor-section-height-default elementor-section-height-default\" data-id=\"5cf5fd5\" data-element_type=\"section\">\n\t\t\t\t\t\t<div class=\"elementor-container elementor-column-gap-default\">\n\t\t\t\t\t<div class=\"elementor-column elementor-col-100 elementor-top-column elementor-element elementor-element-65fbe0d\" data-id=\"65fbe0d\" data-element_type=\"column\">\n\t\t\t<div class=\"elementor-widget-wrap elementor-element-populated\">\n\t\t\t\t\t\t\t\t<div class=\"elementor-element elementor-element-def6cb4 elementor-widget elementor-widget-text-editor\" data-id=\"def6cb4\" data-element_type=\"widget\" data-widget_type=\"text-editor.default\">\n\t\t\t\t<div class=\"elementor-widget-container\">\n\t\t\t\t\t\t\t<p><\/p>\n<p><strong style=\"font-family: var( --e-global-typography-text-font-family ), Sans-serif; font-size: 1rem;\">T\u00e9rminos y condiciones de garant\u00eda<\/strong><\/p>\n<p><span style=\"font-weight: 400;\">Para aquellos materiales que poseen garant\u00eda el cliente deber\u00e1 enviar el producto dentro de los 6 meses siguientes a la fecha de la factura sin ser desarmado. Deber\u00e1 presentar el comprobante de compra, fecha de colocaci\u00f3n y razones de desperfecto. En nuestra empresa se har\u00e1 una inspecci\u00f3n para constatar si fue falla de f\u00e1brica y si es as\u00ed se enviar\u00e1 a revisi\u00f3n al fabricante.<\/span><\/p>\n<p><span style=\"font-weight: 400;\">En caso que el fabricante constate la falla, se reemplazar\u00e1 el producto. No compitiendo con compensaciones o indemnizaciones sobre eventuales da\u00f1os causados al motor y sus componentes.<\/span><\/p>\t\t\t\t\t\t<\/div>\n\t\t\t\t<\/div>\n\t\t\t\t\t<\/div>\n\t\t<\/div>\n\t\t\t\t\t\t\t<\/div>\n\t\t<\/section>\n\t\t\t\t\t\t\t<\/div>\n\t\t","protected":false},"excerpt":{"rendered":"<p>Politicas de devoluci\u00f3n, cambios y garant\u00edas Se aceptar\u00e1n devoluciones o cambios dentro de las\u00a072 horas\u00a0de efectuada la compra. \u00a0 Para la devoluci\u00f3n el producto debe estar\u00a0sin uso, en\u00a0perfectas condiciones, con\u00a0empaques originales \u00a0 En todos los casos se deber\u00e1 presentar la\u00a0factura\u00a0y\/o comprobante con el que se\u00a0 entreg\u00f3. \u00a0 En compras de\u00a0Productos Importados\u00a0o\u00a0pedidos especiales\u00a0no se aceptan cambios [&hellip;]<\/p>\n","protected":false},"author":1,"featured_media":0,"parent":0,"menu_order":0,"comment_status":"closed","ping_status":"closed","template":"","meta":{"om_disable_all_campaigns":false,"_monsterinsights_skip_tracking":false,"_monsterinsights_sitenote_active":false,"_monsterinsights_sitenote_note":"","_monsterinsights_sitenote_category":0},"aioseo_notices":[],"_links":{"self":[{"href":"https:\/\/villamariarepuestos.com\/index.php\/wp-json\/wp\/v2\/pages\/1151"}],"collection":[{"href":"https:\/\/villamariarepuestos.com\/index.php\/wp-json\/wp\/v2\/pages"}],"about":[{"href":"https:\/\/villamariarepuestos.com\/index.php\/wp-json\/wp\/v2\/types\/page"}],"author":[{"embeddable":true,"href":"https:\/\/villamariarepuestos.com\/index.php\/wp-json\/wp\/v2\/users\/1"}],"replies":[{"embeddable":true,"href":"https:\/\/villamariarepuestos.com\/index.php\/wp-json\/wp\/v2\/comments?post=1151"}],"version-history":[{"count":23,"href":"https:\/\/villamariarepuestos.com\/index.php\/wp-json\/wp\/v2\/pages\/1151\/revisions"}],"predecessor-version":[{"id":1187,"href":"https:\/\/villamariarepuestos.com\/index.php\/wp-json\/wp\/v2\/pages\/1151\/revisions\/1187"}],"wp:attachment":[{"href":"https:\/\/villamariarepuestos.com\/index.php\/wp-json\/wp\/v2\/media?parent=1151"}],"curies":[{"name":"wp","href":"https:\/\/api.w.org\/{rel}","templated":true}]}}